{"id":131,"date":"2021-08-02T10:47:54","date_gmt":"2021-08-02T13:47:54","guid":{"rendered":"http:\/\/itapemadayrun.com.br\/?page_id=131"},"modified":"2025-03-13T11:35:12","modified_gmt":"2025-03-13T14:35:12","slug":"resultados","status":"publish","type":"page","link":"https:\/\/itapemadayrun.com.br\/index.php\/resultados\/","title":{"rendered":"RESULTADOS"},"content":{"rendered":"\t\t<div data-elementor-type=\"wp-page\" data-elementor-id=\"131\" class=\"elementor elementor-131\" data-elementor-post-type=\"page\">\n\t\t\t\t\t\t<section class=\"elementor-section elementor-top-section elementor-element elementor-element-674271ab elementor-section-boxed elementor-section-height-default elementor-section-height-default\" data-id=\"674271ab\" data-element_type=\"section\" data-e-type=\"section\">\n\t\t\t\t\t\t<div class=\"elementor-container elementor-column-gap-default\">\n\t\t\t\t\t<div class=\"elementor-column elementor-col-25 elementor-top-column elementor-element elementor-element-e71cc47\" data-id=\"e71cc47\" data-element_type=\"column\" data-e-type=\"column\">\n\t\t\t<div class=\"elementor-widget-wrap elementor-element-populated\">\n\t\t\t\t\t\t<div class=\"elementor-element elementor-element-1fc21c2 elementor-widget elementor-widget-heading\" data-id=\"1fc21c2\" data-element_type=\"widget\" data-e-type=\"widget\" data-widget_type=\"heading.default\">\n\t\t\t\t<div class=\"elementor-widget-container\">\n\t\t\t\t\t<h5 class=\"elementor-heading-title elementor-size-default\">2024\n<\/h5>\t\t\t\t<\/div>\n\t\t\t\t<\/div>\n\t\t\t\t<div class=\"elementor-element elementor-element-5aec5e5 elementor-align-center elementor-button-info elementor-widget elementor-widget-button\" data-id=\"5aec5e5\" data-element_type=\"widget\" data-e-type=\"widget\" data-settings=\"{&quot;motion_fx_motion_fx_scrolling&quot;:&quot;yes&quot;,&quot;motion_fx_opacity_effect&quot;:&quot;yes&quot;,&quot;motion_fx_opacity_direction&quot;:&quot;out-in&quot;,&quot;motion_fx_opacity_level&quot;:{&quot;unit&quot;:&quot;px&quot;,&quot;size&quot;:10,&quot;sizes&quot;:[]},&quot;motion_fx_opacity_range&quot;:{&quot;unit&quot;:&quot;%&quot;,&quot;size&quot;:&quot;&quot;,&quot;sizes&quot;:{&quot;start&quot;:20,&quot;end&quot;:80}},&quot;motion_fx_devices&quot;:[&quot;desktop&quot;,&quot;tablet&quot;,&quot;mobile&quot;]}\" data-widget_type=\"button.default\">\n\t\t\t\t<div class=\"elementor-widget-container\">\n\t\t\t\t\t\t\t\t\t<div class=\"elementor-button-wrapper\">\n\t\t\t\t\t<a class=\"elementor-button elementor-button-link elementor-size-sm\" href=\"https:\/\/www.sprintcrono.com.br\/resultados\/g-live.html?f=eventos\/2024\/itapema-day-run\/corrida.clax\" target=\"_blank\">\n\t\t\t\t\t\t<span class=\"elementor-button-content-wrapper\">\n\t\t\t\t\t\t\t\t\t<span class=\"elementor-button-text\">Clique aqui<\/span>\n\t\t\t\t\t<\/span>\n\t\t\t\t\t<\/a>\n\t\t\t\t<\/div>\n\t\t\t\t\t\t\t\t<\/div>\n\t\t\t\t<\/div>\n\t\t\t\t\t<\/div>\n\t\t<\/div>\n\t\t\t\t<div class=\"elementor-column elementor-col-25 elementor-top-column elementor-element elementor-element-75ac5b7\" data-id=\"75ac5b7\" data-element_type=\"column\" data-e-type=\"column\">\n\t\t\t<div class=\"elementor-widget-wrap elementor-element-populated\">\n\t\t\t\t\t\t<div class=\"elementor-element elementor-element-e71db79 elementor-widget elementor-widget-heading\" data-id=\"e71db79\" data-element_type=\"widget\" data-e-type=\"widget\" data-widget_type=\"heading.default\">\n\t\t\t\t<div class=\"elementor-widget-container\">\n\t\t\t\t\t<h5 class=\"elementor-heading-title elementor-size-default\">2023\n<\/h5>\t\t\t\t<\/div>\n\t\t\t\t<\/div>\n\t\t\t\t<div class=\"elementor-element elementor-element-bab8585 elementor-align-center elementor-widget__width-initial elementor-widget elementor-widget-button\" data-id=\"bab8585\" data-element_type=\"widget\" data-e-type=\"widget\" data-settings=\"{&quot;motion_fx_motion_fx_scrolling&quot;:&quot;yes&quot;,&quot;motion_fx_opacity_effect&quot;:&quot;yes&quot;,&quot;motion_fx_opacity_direction&quot;:&quot;out-in&quot;,&quot;motion_fx_opacity_level&quot;:{&quot;unit&quot;:&quot;px&quot;,&quot;size&quot;:10,&quot;sizes&quot;:[]},&quot;motion_fx_opacity_range&quot;:{&quot;unit&quot;:&quot;%&quot;,&quot;size&quot;:&quot;&quot;,&quot;sizes&quot;:{&quot;start&quot;:20,&quot;end&quot;:80}},&quot;motion_fx_devices&quot;:[&quot;desktop&quot;,&quot;tablet&quot;,&quot;mobile&quot;]}\" data-widget_type=\"button.default\">\n\t\t\t\t<div class=\"elementor-widget-container\">\n\t\t\t\t\t\t\t\t\t<div class=\"elementor-button-wrapper\">\n\t\t\t\t\t<a class=\"elementor-button elementor-button-link elementor-size-sm\" href=\"https:\/\/www.sprintcrono.com.br\/resultados\/g-live.html?f=eventos\/2023\/ITAPEMA-DAY-RUN\/ITAPEMA-DAY-RUN.clax\" target=\"_blank\">\n\t\t\t\t\t\t<span class=\"elementor-button-content-wrapper\">\n\t\t\t\t\t\t\t\t\t<span class=\"elementor-button-text\">Clique aqui<\/span>\n\t\t\t\t\t<\/span>\n\t\t\t\t\t<\/a>\n\t\t\t\t<\/div>\n\t\t\t\t\t\t\t\t<\/div>\n\t\t\t\t<\/div>\n\t\t\t\t\t<\/div>\n\t\t<\/div>\n\t\t\t\t<div class=\"elementor-column elementor-col-25 elementor-top-column elementor-element elementor-element-339ea80\" data-id=\"339ea80\" data-element_type=\"column\" data-e-type=\"column\">\n\t\t\t<div class=\"elementor-widget-wrap elementor-element-populated\">\n\t\t\t\t\t\t<div class=\"elementor-element elementor-element-8951460 elementor-widget elementor-widget-text-editor\" data-id=\"8951460\" data-element_type=\"widget\" data-e-type=\"widget\" data-widget_type=\"text-editor.default\">\n\t\t\t\t<div class=\"elementor-widget-container\">\n\t\t\t\t\t\t\t\t\t<p>\u00a0<b>2022<\/b><\/p>\n<p><a href=\"http:\/\/itapemadayrun.com.br\/wp-content\/uploads\/2022\/04\/GERAL-10KM-MASCULINO.pdf\" target=\"_blank\" rel=\"noopener\">Geral Masculino 10km,<\/a><\/p>\n<p><a href=\"http:\/\/itapemadayrun.com.br\/wp-content\/uploads\/2022\/04\/GERAL-10KM-FEMININO.pdf\" target=\"_blank\" rel=\"noopener\">Geral Feminino 10km<\/a><\/p>\n<p><a href=\"http:\/\/itapemadayrun.com.br\/wp-content\/uploads\/2022\/04\/GERAL-5KM-MASCULINO.pdf\" target=\"_blank\" rel=\"noopener\">Geral Masculino 5km<\/a><\/p>\n<p><a href=\"http:\/\/itapemadayrun.com.br\/wp-content\/uploads\/2022\/04\/GERAL-5KM-FEMININO.pdf\" target=\"_blank\" rel=\"noopener\">Geral Feminino 5km<\/a><\/p>\n<p><a href=\"http:\/\/itapemadayrun.com.br\/wp-content\/uploads\/2022\/04\/CATEGORIAS-10KM-MASCULINO.pdf\" target=\"_blank\" rel=\"noopener\">Categorias Masculino 10km<\/a><\/p>\n<p><a href=\"http:\/\/itapemadayrun.com.br\/wp-content\/uploads\/2022\/04\/CATEGORIAS-10KM-FEMININO.pdf\" target=\"_blank\" rel=\"noopener\">Categorias Feminino 10km<\/a><\/p>\n<p><a href=\"http:\/\/itapemadayrun.com.br\/wp-content\/uploads\/2022\/04\/CATEGORIAS-5KM-MASCULINO.pdf\" target=\"_blank\" rel=\"noopener\">Categorias Masculino 5km<\/a><\/p>\n<p><a href=\"http:\/\/itapemadayrun.com.br\/wp-content\/uploads\/2022\/04\/CATEGORIAS-5KM-FEMININO.pdf\" target=\"_blank\" rel=\"noopener\">Categorias Feminino 5km<\/a><\/p>\n<p>\u00a0<\/p>\t\t\t\t\t\t\t\t<\/div>\n\t\t\t\t<\/div>\n\t\t\t\t\t<\/div>\n\t\t<\/div>\n\t\t\t\t<div class=\"elementor-column elementor-col-25 elementor-top-column elementor-element elementor-element-932222a\" data-id=\"932222a\" data-element_type=\"column\" data-e-type=\"column\">\n\t\t\t<div class=\"elementor-widget-wrap elementor-element-populated\">\n\t\t\t\t\t\t<div class=\"elementor-element elementor-element-39c6e65f elementor-widget elementor-widget-text-editor\" data-id=\"39c6e65f\" data-element_type=\"widget\" data-e-type=\"widget\" data-widget_type=\"text-editor.default\">\n\t\t\t\t<div class=\"elementor-widget-container\">\n\t\t\t\t\t\t\t\t\t<p><b>2021<\/b><\/p>\n<p class=\"has-normal-font-size\"><a href=\"http:\/\/itapemadayrun.com.br\/wp-content\/uploads\/2021\/09\/geral-feminino.pdf\" target=\"_blank\" rel=\"noopener\">Classifica\u00e7\u00e3o Geral e Categorias Feminino<\/a><\/p>\n<p><a href=\"http:\/\/itapemadayrun.com.br\/wp-content\/uploads\/2021\/09\/geral-masculino.pdf\" target=\"_blank\" rel=\"noopener\">Classifica\u00e7\u00e3o Geral e Categorias Masculino<\/a><\/p>\n<p><!-- \/wp:paragraph --><\/p>\t\t\t\t\t\t\t\t<\/div>\n\t\t\t\t<\/div>\n\t\t\t\t\t<\/div>\n\t\t<\/div>\n\t\t\t\t\t<\/div>\n\t\t<\/section>\n\t\t\t\t<\/div>\n\t\t","protected":false},"excerpt":{"rendered":"<p>2024 Clique aqui 2023 Clique aqui \u00a02022 Geral Masculino 10km, Geral Feminino 10km Geral Masculino 5km Geral Feminino 5km Categorias Masculino 10km Categorias Feminino 10km Categorias Masculino 5km Categorias Feminino 5km \u00a0 2021 Classifica\u00e7\u00e3o Geral e Categorias Feminino Classifica\u00e7\u00e3o Geral e Categorias Masculino<\/p>\n","protected":false},"author":1,"featured_media":0,"parent":0,"menu_order":0,"comment_status":"closed","ping_status":"closed","template":"","meta":{"footnotes":""},"class_list":["post-131","page","type-page","status-publish","hentry"],"_links":{"self":[{"href":"https:\/\/itapemadayrun.com.br\/index.php\/wp-json\/wp\/v2\/pages\/131","targetHints":{"allow":["GET"]}}],"collection":[{"href":"https:\/\/itapemadayrun.com.br\/index.php\/wp-json\/wp\/v2\/pages"}],"about":[{"href":"https:\/\/itapemadayrun.com.br\/index.php\/wp-json\/wp\/v2\/types\/page"}],"author":[{"embeddable":true,"href":"https:\/\/itapemadayrun.com.br\/index.php\/wp-json\/wp\/v2\/users\/1"}],"replies":[{"embeddable":true,"href":"https:\/\/itapemadayrun.com.br\/index.php\/wp-json\/wp\/v2\/comments?post=131"}],"version-history":[{"count":24,"href":"https:\/\/itapemadayrun.com.br\/index.php\/wp-json\/wp\/v2\/pages\/131\/revisions"}],"predecessor-version":[{"id":779,"href":"https:\/\/itapemadayrun.com.br\/index.php\/wp-json\/wp\/v2\/pages\/131\/revisions\/779"}],"wp:attachment":[{"href":"https:\/\/itapemadayrun.com.br\/index.php\/wp-json\/wp\/v2\/media?parent=131"}],"curies":[{"name":"wp","href":"https:\/\/api.w.org\/{rel}","templated":true}]}}